{"id":10,"date":"2021-01-31T13:57:53","date_gmt":"2021-01-31T13:57:53","guid":{"rendered":"https:\/\/www.norbertbraun.de\/?page_id=10"},"modified":"2022-01-09T18:03:27","modified_gmt":"2022-01-09T18:03:27","slug":"fliegen","status":"publish","type":"page","link":"https:\/\/www.norbertbraun.de\/?page_id=10","title":{"rendered":"Fliegen"},"content":{"rendered":"\n<p>Fliegen zu k\u00f6nnen war seit Kindheitstagen einer meiner sehnlichsten Tr\u00e4ume. Ein Traum, der mit dem Erwerb der Luftsportlizenz f\u00fcr Gleitschirme in Erf\u00fcllung ging und mein Leben ver\u00e4nderte. Keiner meiner bisherigen Hobbys hat so viele unterschiedliche Emotionen in mir hervorgerufen und das in einer Intensit\u00e4t, wie ich es mir vorher nicht h\u00e4tte vorstellen k\u00f6nnen. Ich bin unglaublich dankbar und dem\u00fctig, dass ich diesen Sport aus\u00fcben darf.<\/p>\n\n\n\n<figure class=\"wp-block-pullquote\"><blockquote><p>Noch sch\u00f6ner als Visionen zu haben ist, sie zu verwirklichen.<\/p><cite>Lisz Hirn, (*1984), \u00f6sterreichische Philosophin und K\u00fcnstlerin<\/cite><\/blockquote><\/figure>\n\n\n\n<figure class=\"wp-block-image size-large\"><img loading=\"lazy\" decoding=\"async\" width=\"1024\" height=\"429\" src=\"https:\/\/www.norbertbraun.de\/wp-content\/uploads\/2021\/02\/20181229_15-21-39_Lanzarote_0265-1-1024x429.jpg\" alt=\"\" class=\"wp-image-318\" srcset=\"https:\/\/www.norbertbraun.de\/wp-content\/uploads\/2021\/02\/20181229_15-21-39_Lanzarote_0265-1-1024x429.jpg 1024w, https:\/\/www.norbertbraun.de\/wp-content\/uploads\/2021\/02\/20181229_15-21-39_Lanzarote_0265-1-300x126.jpg 300w, https:\/\/www.norbertbraun.de\/wp-content\/uploads\/2021\/02\/20181229_15-21-39_Lanzarote_0265-1-768x322.jpg 768w, https:\/\/www.norbertbraun.de\/wp-content\/uploads\/2021\/02\/20181229_15-21-39_Lanzarote_0265-1-1536x643.jpg 1536w, https:\/\/www.norbertbraun.de\/wp-content\/uploads\/2021\/02\/20181229_15-21-39_Lanzarote_0265-1-2048x857.jpg 2048w\" sizes=\"(max-width: 1024px) 100vw, 1024px\" \/><figcaption>Flug am Mirador del Rio auf Lanzarote im Dezember 2018<\/figcaption><\/figure>\n\n\n\n<p>Verr\u00fcckt ist schon allein der Gedanke: Ich packe meine Ausr\u00fcstung, die in einen gr\u00f6\u00dferen Rucksack passt und um die 8-10 kg wiegt. Leicht genug, um auch zu Fu\u00df einen Startplatz zu erreichen. Ausgelegt hat der Inhalt eine Spannweite von ca. 12 Metern. Passt der Wind, verliert man nach ein paar beherzten Schritten den Boden unter den F\u00fc\u00dfen und gleitet lautlos ins Tal hinaus.<\/p>\n\n\n\n<p>Zudem gibt es nur noch eine Steigerung: Schafft man es einen &#8222;Bart&#8220; (Fachjargon f\u00fcr Thermik) zu zentrieren, kann man sich wie in einem Aufzug nach oben arbeiten. So ist es m\u00f6glich, seine Flugzeit je nach K\u00f6nnen und Wetterlage beinahe beliebig zu verl\u00e4ngern &#8211; einzig alleine durch die Kr\u00e4fte der Natur.<\/p>\n\n\n\n<figure class=\"wp-block-pullquote\"><blockquote><p>Jedes Abenteuer ist nur eine Entscheidung von dir entfernt.<\/p><cite>Lisz Hirn, (*1984), \u00f6sterreichische Philosophin und K\u00fcnstlerin<\/cite><\/blockquote><\/figure>\n\n\n\n<figure class=\"wp-block-image size-large\"><img loading=\"lazy\" decoding=\"async\" width=\"1024\" height=\"422\" src=\"https:\/\/www.norbertbraun.de\/wp-content\/uploads\/2021\/02\/20201113_14-30-30_Pfaender_7889-1-1024x422.jpg\" alt=\"\" class=\"wp-image-319\" srcset=\"https:\/\/www.norbertbraun.de\/wp-content\/uploads\/2021\/02\/20201113_14-30-30_Pfaender_7889-1-1024x422.jpg 1024w, https:\/\/www.norbertbraun.de\/wp-content\/uploads\/2021\/02\/20201113_14-30-30_Pfaender_7889-1-300x124.jpg 300w, https:\/\/www.norbertbraun.de\/wp-content\/uploads\/2021\/02\/20201113_14-30-30_Pfaender_7889-1-768x317.jpg 768w, https:\/\/www.norbertbraun.de\/wp-content\/uploads\/2021\/02\/20201113_14-30-30_Pfaender_7889-1-1536x633.jpg 1536w, https:\/\/www.norbertbraun.de\/wp-content\/uploads\/2021\/02\/20201113_14-30-30_Pfaender_7889-1-2048x844.jpg 2048w\" sizes=\"(max-width: 1024px) 100vw, 1024px\" \/><figcaption>Flug vom Pf\u00e4nder in Bregenz im Herbst 2020<\/figcaption><\/figure>\n\n\n\n<p>Wie sehr ich diesen Sport liebe, wurde mir sp\u00e4testens vor Augen gef\u00fchrt, als ein guter Freund mit seinem Schirm t\u00f6dlich verungl\u00fcckte und ich trotzdem keine Sekunde ans Aufh\u00f6ren dachte. Ich denke, ihm w\u00fcrde es gleich gehen. Es ist nicht so, dass ich denke, dass mir das nicht passieren k\u00f6nnte. Vielmehr ist es ein Gef\u00fchl, dass ich viele sch\u00f6ne Momente verpassen w\u00fcrde, wenn ich am Boden bliebe.<\/p>\n\n\n\n<figure class=\"wp-block-pullquote\"><blockquote><p>Die Fragen sind es, aus denen das, was bleibt, entsteht.<\/p><cite>Erich K\u00e4stner (1899-1974), dt. Schriftsteller<\/cite><\/blockquote><\/figure>\n\n\n\n<p>Hier im Blog m\u00f6chte ich meine Erfahrungen von Flutgebieten, Reisen und Projekten mit Gleichgesinnten teilen. Viel Spa\u00df beim Lesen.<\/p>\n","protected":false},"excerpt":{"rendered":"<p>Fliegen zu k\u00f6nnen war seit Kindheitstagen einer meiner sehnlichsten Tr\u00e4ume. Ein Traum, der mit dem Erwerb der Luftsportlizenz f\u00fcr Gleitschirme in Erf\u00fcllung ging und mein Leben ver\u00e4nderte. Keiner meiner bisherigen Hobbys hat so viele unterschiedliche Emotionen in mir hervorgerufen und das in einer Intensit\u00e4t, wie &hellip; <a href=\"https:\/\/www.norbertbraun.de\/?page_id=10\" class=\"more-link\"><span>Continue reading<span class=\"screen-reader-text\">Fliegen<\/span><\/span><\/a><\/p>\n","protected":false},"author":1,"featured_media":0,"parent":108,"menu_order":1,"comment_status":"closed","ping_status":"closed","template":"","meta":{"ngg_post_thumbnail":0,"footnotes":""},"class_list":["post-10","page","type-page","status-publish","hentry"],"_links":{"self":[{"href":"https:\/\/www.norbertbraun.de\/index.php?rest_route=\/wp\/v2\/pages\/10"}],"collection":[{"href":"https:\/\/www.norbertbraun.de\/index.php?rest_route=\/wp\/v2\/pages"}],"about":[{"href":"https:\/\/www.norbertbraun.de\/index.php?rest_route=\/wp\/v2\/types\/page"}],"author":[{"embeddable":true,"href":"https:\/\/www.norbertbraun.de\/index.php?rest_route=\/wp\/v2\/users\/1"}],"replies":[{"embeddable":true,"href":"https:\/\/www.norbertbraun.de\/index.php?rest_route=%2Fwp%2Fv2%2Fcomments&post=10"}],"version-history":[{"count":0,"href":"https:\/\/www.norbertbraun.de\/index.php?rest_route=\/wp\/v2\/pages\/10\/revisions"}],"up":[{"embeddable":true,"href":"https:\/\/www.norbertbraun.de\/index.php?rest_route=\/wp\/v2\/pages\/108"}],"wp:attachment":[{"href":"https:\/\/www.norbertbraun.de\/index.php?rest_route=%2Fwp%2Fv2%2Fmedia&parent=10"}],"curies":[{"name":"wp","href":"https:\/\/api.w.org\/{rel}","templated":true}]}}