{"id":14,"date":"2021-01-31T15:05:22","date_gmt":"2021-01-31T15:05:22","guid":{"rendered":"https:\/\/www.norbertbraun.de\/?page_id=14"},"modified":"2022-01-09T18:00:21","modified_gmt":"2022-01-09T18:00:21","slug":"reisen","status":"publish","type":"page","link":"https:\/\/www.norbertbraun.de\/?page_id=14","title":{"rendered":"Reisen"},"content":{"rendered":"\n<p>Es muss nicht immer ein anderer Kontinent sein. Es geht nicht darum, sich br\u00fcsten zu k\u00f6nnen, wie viele L\u00e4nder man schon bereist hat. Vielmehr geht es mir darum, die Welt aus unterschiedlichen Perspektiven sehen zu k\u00f6nnen. Mit den Menschen ins Gespr\u00e4ch zu kommen. Andere Sichtweisen kennenzulernen und im besten Fall auch zu verstehen.<\/p>\n\n\n\n<figure class=\"wp-block-pullquote\"><blockquote><p>Das Leben ist wie ein Buch, und wer nicht reist, liest nur ein wenig davon.<\/p><cite>Jean Paul (1763 &#8211; 1825), dt. Erz\u00e4hler<\/cite><\/blockquote><\/figure>\n\n\n\n<p>Die bisher sch\u00f6nsten und besten Erfahrungen hatte ich gemacht, als ich alleine und individuell gereist bin. So ist man darauf angewiesen, auf andere zuzugehen. Man kommt leichter und schneller ins Gespr\u00e4ch. L\u00e4sst man sich darauf ein, wird man sich ein Leben lang erinnern.<\/p>\n\n\n\n<div class=\"wp-block-image is-style-default\"><figure class=\"aligncenter size-large\"><img loading=\"lazy\" decoding=\"async\" width=\"1024\" height=\"333\" src=\"https:\/\/www.norbertbraun.de\/wp-content\/uploads\/2021\/02\/IMG_9239_115602-1024x333.jpg\" alt=\"\" class=\"wp-image-322\" srcset=\"https:\/\/www.norbertbraun.de\/wp-content\/uploads\/2021\/02\/IMG_9239_115602-1024x333.jpg 1024w, https:\/\/www.norbertbraun.de\/wp-content\/uploads\/2021\/02\/IMG_9239_115602-300x98.jpg 300w, https:\/\/www.norbertbraun.de\/wp-content\/uploads\/2021\/02\/IMG_9239_115602-768x250.jpg 768w, https:\/\/www.norbertbraun.de\/wp-content\/uploads\/2021\/02\/IMG_9239_115602-1536x500.jpg 1536w, https:\/\/www.norbertbraun.de\/wp-content\/uploads\/2021\/02\/IMG_9239_115602-2048x667.jpg 2048w\" sizes=\"(max-width: 1024px) 100vw, 1024px\" \/><\/figure><\/div>\n\n\n\n<p><\/p>\n\n\n\n<p>Wie bei allem gibt es jedoch immer zwei Seiten einer Medaille. Dem Touristen selbst schadet eine Reise in den seltensten F\u00e4llen. Die Bev\u00f6lkerung vor Ort profitiert in der Regel vom Tourismus. Nicht selten nimmt der Tourismus jedoch Ausma\u00dfe an, die f\u00fcr ein Land sch\u00e4dlich sein k\u00f6nnen. Ganz abgesehen von den Folgen f\u00fcr das Klima.<\/p>\n\n\n\n<p>Ein Anwalt, den ich in einer Bar in Bangkok kennengelernt habe, hat mich gefragt, ob ich mir bewusst sei, wie privilegiert ich mit meinem deutschen Reisepass bin. Ich war es mir bis dato tats\u00e4chlich nicht. Nachdem er mir erz\u00e4hlt hat, was er alles offenlegen muss, um an ein Touristen-Visum f\u00fcr ein europ\u00e4isches Land zu kommen, war mein Reisepass pl\u00f6tzlich mehr als nur ein St\u00fcck Pappe mit Kunststoffeinlage. Es ist der T\u00fcr\u00f6ffner zur Welt.<\/p>\n\n\n\n<div class=\"wp-block-image is-style-default\"><figure class=\"aligncenter size-large\"><img loading=\"lazy\" decoding=\"async\" width=\"1024\" height=\"396\" src=\"https:\/\/www.norbertbraun.de\/wp-content\/uploads\/2021\/02\/IMG_9112_115475-1024x396.jpg\" alt=\"\" class=\"wp-image-323\" srcset=\"https:\/\/www.norbertbraun.de\/wp-content\/uploads\/2021\/02\/IMG_9112_115475-1024x396.jpg 1024w, https:\/\/www.norbertbraun.de\/wp-content\/uploads\/2021\/02\/IMG_9112_115475-300x116.jpg 300w, https:\/\/www.norbertbraun.de\/wp-content\/uploads\/2021\/02\/IMG_9112_115475-768x297.jpg 768w, https:\/\/www.norbertbraun.de\/wp-content\/uploads\/2021\/02\/IMG_9112_115475-1536x595.jpg 1536w, https:\/\/www.norbertbraun.de\/wp-content\/uploads\/2021\/02\/IMG_9112_115475-2048x793.jpg 2048w\" sizes=\"(max-width: 1024px) 100vw, 1024px\" \/><\/figure><\/div>\n\n\n\n<p><\/p>\n\n\n\n<p>Ich kann nur an jeden appellieren, in seinem Urlaub sein All-inclusive-Domizil wenigstens f\u00fcr ein paar Tage zu verlassen und sich auf Land und Leute einzulassen. Ganz ohne Schnitzel und Pommes. Wenn man dadurch seinen eigenen Horizont erweitern kann, hat sich das verblasene CO2 vom Flieger vielleicht schon gelohnt.<\/p>\n\n\n<ul class=\"wp-block-latest-posts__list is-grid columns-3 has-dates wp-block-latest-posts\"><\/ul>","protected":false},"excerpt":{"rendered":"<p>Es muss nicht immer ein anderer Kontinent sein. Es geht nicht darum, sich br\u00fcsten zu k\u00f6nnen, wie viele L\u00e4nder man schon bereist hat. Vielmehr geht es mir darum, die Welt aus unterschiedlichen Perspektiven sehen zu k\u00f6nnen. Mit den Menschen ins Gespr\u00e4ch zu kommen. Andere Sichtweisen &hellip; <a href=\"https:\/\/www.norbertbraun.de\/?page_id=14\" class=\"more-link\"><span>Continue reading<span class=\"screen-reader-text\">Reisen<\/span><\/span><\/a><\/p>\n","protected":false},"author":1,"featured_media":0,"parent":108,"menu_order":0,"comment_status":"closed","ping_status":"closed","template":"","meta":{"ngg_post_thumbnail":0,"footnotes":""},"class_list":["post-14","page","type-page","status-publish","hentry"],"_links":{"self":[{"href":"https:\/\/www.norbertbraun.de\/index.php?rest_route=\/wp\/v2\/pages\/14"}],"collection":[{"href":"https:\/\/www.norbertbraun.de\/index.php?rest_route=\/wp\/v2\/pages"}],"about":[{"href":"https:\/\/www.norbertbraun.de\/index.php?rest_route=\/wp\/v2\/types\/page"}],"author":[{"embeddable":true,"href":"https:\/\/www.norbertbraun.de\/index.php?rest_route=\/wp\/v2\/users\/1"}],"replies":[{"embeddable":true,"href":"https:\/\/www.norbertbraun.de\/index.php?rest_route=%2Fwp%2Fv2%2Fcomments&post=14"}],"version-history":[{"count":0,"href":"https:\/\/www.norbertbraun.de\/index.php?rest_route=\/wp\/v2\/pages\/14\/revisions"}],"up":[{"embeddable":true,"href":"https:\/\/www.norbertbraun.de\/index.php?rest_route=\/wp\/v2\/pages\/108"}],"wp:attachment":[{"href":"https:\/\/www.norbertbraun.de\/index.php?rest_route=%2Fwp%2Fv2%2Fmedia&parent=14"}],"curies":[{"name":"wp","href":"https:\/\/api.w.org\/{rel}","templated":true}]}}