{"id":218,"date":"2021-02-04T20:56:47","date_gmt":"2021-02-04T20:56:47","guid":{"rendered":"https:\/\/www.norbertbraun.de\/?page_id=218"},"modified":"2022-01-09T18:18:08","modified_gmt":"2022-01-09T18:18:08","slug":"feuerwehr","status":"publish","type":"page","link":"https:\/\/www.norbertbraun.de\/?page_id=218","title":{"rendered":"Feuerwehr"},"content":{"rendered":"\n<div class=\"wp-block-image\"><figure class=\"aligncenter size-large\"><img loading=\"lazy\" decoding=\"async\" width=\"1024\" height=\"337\" src=\"https:\/\/www.norbertbraun.de\/wp-content\/uploads\/2021\/02\/20070921_Hauptu\u0308bung_FN_015_s-1-1024x337.jpg\" alt=\"\" class=\"wp-image-308\" srcset=\"https:\/\/www.norbertbraun.de\/wp-content\/uploads\/2021\/02\/20070921_Hauptu\u0308bung_FN_015_s-1-1024x337.jpg 1024w, https:\/\/www.norbertbraun.de\/wp-content\/uploads\/2021\/02\/20070921_Hauptu\u0308bung_FN_015_s-1-300x99.jpg 300w, https:\/\/www.norbertbraun.de\/wp-content\/uploads\/2021\/02\/20070921_Hauptu\u0308bung_FN_015_s-1-768x253.jpg 768w, https:\/\/www.norbertbraun.de\/wp-content\/uploads\/2021\/02\/20070921_Hauptu\u0308bung_FN_015_s-1-1536x506.jpg 1536w, https:\/\/www.norbertbraun.de\/wp-content\/uploads\/2021\/02\/20070921_Hauptu\u0308bung_FN_015_s-1-2048x675.jpg 2048w\" sizes=\"(max-width: 1024px) 100vw, 1024px\" \/><\/figure><\/div>\n\n\n\n<figure class=\"wp-block-pullquote\"><blockquote><p>Verantwortlich ist man nicht nur f\u00fcr das, was man tut, sondern auch f\u00fcr das, was man nicht tut.<\/p><cite>Laotse (3. od. 4. Jh.v.Chr.), historisch nicht fassbarer chin. Philosoph<\/cite><\/blockquote><\/figure>\n\n\n\n<p>In manchen L\u00e4ndern werden Feuerwehrleute als Helden angesehen. Die deutsche Mentalit\u00e4t scheint mir eher so: &#8222;Da macht halt jemand &#8217;seine&#8216; Arbeit.&#8220; Stimmt. Ob ehrenamtlich oder als Beruf. Die meisten Feuerwehrleute, die ich bisher kennenlernen durfte, sehen sich auch nicht als Helden. Ich sch\u00e4tze den Gro\u00dfteil als sehr bescheiden ein. Ein Grund mehr diesen Menschen hier eine kleine Ecke zu widmen.<\/p>\n\n\n\n<p>Die Behauptung mag gewagt sein, doch ich behaupte, es l\u00e4sst sich ein Trend erkennen, dass immer weniger Menschen bereit sind, sich ehrenamtlich zu engagieren oder &#8211; im besten Fall &#8211; Verantwortung zu \u00fcbernehmen. Die Jugendarbeit ist ein zentraler Baustein f\u00fcr den Nachwuchs im Ehrenamt. Inzwischen gibt es jedoch auch viele Wehren, die trotz hervorragender Jugendarbeit um Nachwuchs bangen m\u00fcssen.<\/p>\n\n\n\n<div class=\"wp-block-media-text has-media-on-the-right is-stacked-on-mobile\"><figure class=\"wp-block-media-text__media\"><img loading=\"lazy\" decoding=\"async\" width=\"682\" height=\"1024\" src=\"https:\/\/www.norbertbraun.de\/wp-content\/uploads\/2021\/02\/IMG_0403_58253-682x1024.jpg\" alt=\"\" class=\"wp-image-307 size-full\" srcset=\"https:\/\/www.norbertbraun.de\/wp-content\/uploads\/2021\/02\/IMG_0403_58253-682x1024.jpg 682w, https:\/\/www.norbertbraun.de\/wp-content\/uploads\/2021\/02\/IMG_0403_58253-200x300.jpg 200w, https:\/\/www.norbertbraun.de\/wp-content\/uploads\/2021\/02\/IMG_0403_58253-768x1152.jpg 768w, https:\/\/www.norbertbraun.de\/wp-content\/uploads\/2021\/02\/IMG_0403_58253-1024x1536.jpg 1024w, https:\/\/www.norbertbraun.de\/wp-content\/uploads\/2021\/02\/IMG_0403_58253.jpg 1333w\" sizes=\"(max-width: 682px) 100vw, 682px\" \/><\/figure><div class=\"wp-block-media-text__content\">\n<p class=\"has-text-align-left\">Ich wei\u00df nicht, ob ich den Weg zur Feuerwehr gefunden h\u00e4tte, wenn ich damals als Kind nicht &#8222;zur falschen Zeit am falschen Ort&#8220; gewesen w\u00e4re. Mein heutiger Kommandant, damals Jugendwart, hatte mich und meinen besten Freund angesprochen und eingeladen, zu der n\u00e4chsten Jugendfeuerwehr\u00fcbung vorbei zu kommen. So ist man in das Thema hinein gewachsen.<\/p>\n\n\n\n<p>Mir w\u00fcrde etwas fehlen, w\u00e4re es anders gelaufen. Die Kameradschaft ist einmalig. Von jung bis alt. Und das ist meiner Meinung nach der Motor, den das Ehrenamt antreibt und zusammenh\u00e4lt. Jeder wei\u00df, dass er sich auf den anderen verlassen kann. Einer f\u00fcr alle, alle f\u00fcr einen.<\/p>\n<\/div><\/div>\n\n\n\n<p>Mein Beitrag f\u00fcr die Gemeinschaft. Vielleicht sieht Dich Deine Gemeindefeuerwehr auch mal aus n\u00e4chster N\u00e4he und wirst Feuer &amp; Flamme f\u00fcr das Ehrenamt.<\/p>\n\n\n\n<div class=\"wp-block-image\"><figure class=\"aligncenter size-large\"><img loading=\"lazy\" decoding=\"async\" width=\"1024\" height=\"682\" src=\"https:\/\/www.norbertbraun.de\/wp-content\/uploads\/2021\/02\/AS-Container-086-1024x682.jpg\" alt=\"\" class=\"wp-image-306\" srcset=\"https:\/\/www.norbertbraun.de\/wp-content\/uploads\/2021\/02\/AS-Container-086-1024x682.jpg 1024w, https:\/\/www.norbertbraun.de\/wp-content\/uploads\/2021\/02\/AS-Container-086-300x200.jpg 300w, https:\/\/www.norbertbraun.de\/wp-content\/uploads\/2021\/02\/AS-Container-086-768x512.jpg 768w, https:\/\/www.norbertbraun.de\/wp-content\/uploads\/2021\/02\/AS-Container-086-1536x1024.jpg 1536w, https:\/\/www.norbertbraun.de\/wp-content\/uploads\/2021\/02\/AS-Container-086.jpg 2000w\" sizes=\"(max-width: 1024px) 100vw, 1024px\" \/><\/figure><\/div>\n","protected":false},"excerpt":{"rendered":"<p>Verantwortlich ist man nicht nur f\u00fcr das, was man tut, sondern auch f\u00fcr das, was man nicht tut. Laotse (3. od. 4. Jh.v.Chr.), historisch nicht fassbarer chin. Philosoph In manchen L\u00e4ndern werden Feuerwehrleute als Helden angesehen. Die deutsche Mentalit\u00e4t scheint mir eher so: &#8222;Da macht &hellip; <a href=\"https:\/\/www.norbertbraun.de\/?page_id=218\" class=\"more-link\"><span>Continue reading<span class=\"screen-reader-text\">Feuerwehr<\/span><\/span><\/a><\/p>\n","protected":false},"author":1,"featured_media":0,"parent":108,"menu_order":0,"comment_status":"closed","ping_status":"closed","template":"","meta":{"ngg_post_thumbnail":0,"footnotes":""},"class_list":["post-218","page","type-page","status-publish","hentry"],"_links":{"self":[{"href":"https:\/\/www.norbertbraun.de\/index.php?rest_route=\/wp\/v2\/pages\/218"}],"collection":[{"href":"https:\/\/www.norbertbraun.de\/index.php?rest_route=\/wp\/v2\/pages"}],"about":[{"href":"https:\/\/www.norbertbraun.de\/index.php?rest_route=\/wp\/v2\/types\/page"}],"author":[{"embeddable":true,"href":"https:\/\/www.norbertbraun.de\/index.php?rest_route=\/wp\/v2\/users\/1"}],"replies":[{"embeddable":true,"href":"https:\/\/www.norbertbraun.de\/index.php?rest_route=%2Fwp%2Fv2%2Fcomments&post=218"}],"version-history":[{"count":0,"href":"https:\/\/www.norbertbraun.de\/index.php?rest_route=\/wp\/v2\/pages\/218\/revisions"}],"up":[{"embeddable":true,"href":"https:\/\/www.norbertbraun.de\/index.php?rest_route=\/wp\/v2\/pages\/108"}],"wp:attachment":[{"href":"https:\/\/www.norbertbraun.de\/index.php?rest_route=%2Fwp%2Fv2%2Fmedia&parent=218"}],"curies":[{"name":"wp","href":"https:\/\/api.w.org\/{rel}","templated":true}]}}