{"id":583,"date":"2021-03-20T12:44:59","date_gmt":"2021-03-20T12:44:59","guid":{"rendered":"https:\/\/www.norbertbraun.de\/?page_id=583"},"modified":"2022-01-09T18:23:16","modified_gmt":"2022-01-09T18:23:16","slug":"motorrad","status":"publish","type":"page","link":"https:\/\/www.norbertbraun.de\/?page_id=583","title":{"rendered":"Motorrad"},"content":{"rendered":"\n<figure class=\"wp-block-image alignwide size-large\"><img loading=\"lazy\" decoding=\"async\" width=\"1024\" height=\"385\" src=\"https:\/\/www.norbertbraun.de\/wp-content\/uploads\/2021\/03\/20130531_-16-58-39_Korsika_5656-1-1024x385.jpg\" alt=\"\" class=\"wp-image-599\" srcset=\"https:\/\/www.norbertbraun.de\/wp-content\/uploads\/2021\/03\/20130531_-16-58-39_Korsika_5656-1-1024x385.jpg 1024w, https:\/\/www.norbertbraun.de\/wp-content\/uploads\/2021\/03\/20130531_-16-58-39_Korsika_5656-1-300x113.jpg 300w, https:\/\/www.norbertbraun.de\/wp-content\/uploads\/2021\/03\/20130531_-16-58-39_Korsika_5656-1-768x288.jpg 768w, https:\/\/www.norbertbraun.de\/wp-content\/uploads\/2021\/03\/20130531_-16-58-39_Korsika_5656-1-1536x577.jpg 1536w, https:\/\/www.norbertbraun.de\/wp-content\/uploads\/2021\/03\/20130531_-16-58-39_Korsika_5656-1.jpg 2000w\" sizes=\"(max-width: 1024px) 100vw, 1024px\" \/><\/figure>\n\n\n\n<p><\/p>\n\n\n\n<p>Ein Beispiel, wie unterschiedlich Menschen empfinden, wenn sie ein und dasselbe tun, zeigt sich f\u00fcr mich beim Thema Motorrad fahren. Mein Vater hatte mir einmal erz\u00e4hlt, dass er sich als junger Erwachsener nur eine Kreidler als Fortbewegungsmittel leisten konnte, um damit &#8211; bei jeder Witterung &#8211; von A nach B zu kommen. Als er sich damals dann endlich sein eigenes Auto leisten konnte, bestand f\u00fcr ihn somit keine Notwendigkeit mehr auf ein motorisiertes Zweirad zu steigen. Er hatte es nicht mit Spa\u00df verbunden, sondern als unkomfortables Fortbewegungsmittel.<\/p>\n\n\n\n<p>Meine erste Motorradfahrt verbinde ich mit sch\u00f6nen Erinnerungen. Ich hatte nur einen gelben Halbschalen-Skihelm, der alles andere als stra\u00dfentauglich war. Mein gro\u00dfer Bruder chauffierte mit auf seiner XT500 zu einem Spielwarenladen im Nachbarort, wo ich einen Gutschein einl\u00f6sen durfte. Ich war noch so klein, dass ich nicht \u00fcber seine Schulter blicken konnte, hatte aber trotzdem eine Mordsgaudi und war m\u00e4chtig stolz, dass ich mitfahren durfte.<\/p>\n\n\n\n<p>F\u00fcr mich bedeutet Motorradfahren, \u00e4hnlich wie das Gleitschirmfliegen, grenzenlose Freiheit. Aber nicht nur das. Damit sind Emotionen verbunden. Gl\u00fccksgef\u00fchle. Und diese werden &#8211; unter anderem &#8211; durch die Vibrationen des Motors, den Klang und dem Fahrtwind, der mir um die Nase bl\u00e4st, hervorgerufen. W\u00fcrde es nur noch Elektro-Motorr\u00e4der geben, h\u00e4tte das Hobby f\u00fcr mich keinen Reiz mehr.<\/p>\n\n\n\n<div class=\"wp-block-group\"><div class=\"wp-block-group__inner-container is-layout-flow wp-block-group-is-layout-flow\">\n<figure class=\"wp-block-pullquote\"><blockquote><p>Die Freiheit eines jeden beginnt dort, wo die Freiheit eines anderen aufh\u00f6rt.<\/p><cite>Immanuel Kant (1724 &#8211; 1804), deutscher Philosoph<\/cite><\/blockquote><\/figure>\n<\/div><\/div>\n\n\n\n<p>Der Grund, warum ich diesem Hobby hier eine eigene Seite gewidmet habe, ist folgender: Ich m\u00f6chte zum Nachdenken anregen und zum Dialog aufrufen. Motorradfahren steht seit einiger Zeit immer mehr in der Kritik, da sich viele B\u00fcrger-\/innen durch L\u00e4rm bel\u00e4stigt f\u00fchlen. Ich kann vollkommen nachvollziehen, dass Anwohner von beliebten Motorradstrecken sich Geh\u00f6r verschaffen m\u00f6chten, um auf ihre Situation aufmerksam zu machen.<\/p>\n\n\n\n<p>Ich denke, dass man im ersten Schritt die Verursacher des L\u00e4rms &#8211; die Motorradfahrer &#8211; auf das Problem aufmerksam machen muss. Vielleicht w\u00e4re im ersten Schritt schon viel damit getan, wenn man in Ortschaften einen Gang h\u00f6her schaltet, damit der Motor untertouriger l\u00e4uft. Stellt Schilder am Ortseingang auf. Sprecht die Fahrer-\/innen auf eure Situation an.<\/p>\n\n\n\n<p>Zweifellos kann L\u00e4rm krank machen. Dazu gibt es Studien, die das belegen. Interessant ist jedoch auch, dass L\u00e4rm nicht gleich L\u00e4rm ist. Ein Mensch kann ein bestimmtes Ger\u00e4usch als unangenehm empfinden, ein anderes wiederum als angenehm. Beschallt man jemand regelm\u00e4\u00dfig mit einem f\u00fcr ihn unangenehmen Ton, ruft das mit hoher Wahrscheinlichkeit Stress hervor, der sicher nicht gesund ist. Ein Beispiel: Ich habe jahrelang in einer Wohnung gelebt, dessen Fenster zu einem Bauernhof zeigte, auf dem es einen H\u00fchnerstall gibt. Das Kr\u00e4hen des Hahn habe ich nie als st\u00f6rend empfunden. Ganz im Gegenteil: Wenn ich davon (viel zu fr\u00fch) wach geworden bin, hatte ich eher eine Art Sicherheitsgef\u00fchl empfunden. Ich bin zu Hause. Dann hatte ich mich umgedreht und weitergeschlafen. Meine Nachmieterin wiederum ist weniger gut auf den Hahn zu sprechen. Im Gegensatz dazu l\u00f6st bei mir Tauben Gegurre Stress aus, wenn ich eigentlich noch Schlafen m\u00f6chte. Der Vergleich hinkt insofern, dass man es nicht mit einer zyklisch wiederholten Beschallung durch Motorr\u00e4der vergleichen kann. Doch der Mechanismus ist der Gleiche.<\/p>\n\n\n\n<p>Ich m\u00f6chte keinesfalls die Empfindungen von Menschen, die an L\u00e4rm-Hotspots leben, herunter spielen. Jedoch m\u00f6chte ich jeden dazu einladen, sich mit den Faktoren, die den Stress ausl\u00f6sen, auseinanderzusetzen. Denn Kinderl\u00e4rm von Spielpl\u00e4tzen k\u00f6nnte genauso krank machen, w\u00fcrde man Menschen finden, die sich dar\u00fcber aufregen k\u00f6nnen. Verbietet man deshalb Spielpl\u00e4tze oder sogar Kinder?<\/p>\n","protected":false},"excerpt":{"rendered":"<p>Ein Beispiel, wie unterschiedlich Menschen empfinden, wenn sie ein und dasselbe tun, zeigt sich f\u00fcr mich beim Thema Motorrad fahren. Mein Vater hatte mir einmal erz\u00e4hlt, dass er sich als junger Erwachsener nur eine Kreidler als Fortbewegungsmittel leisten konnte, um damit &#8211; bei jeder Witterung &hellip; <a href=\"https:\/\/www.norbertbraun.de\/?page_id=583\" class=\"more-link\"><span>Continue reading<span class=\"screen-reader-text\">Motorrad<\/span><\/span><\/a><\/p>\n","protected":false},"author":1,"featured_media":0,"parent":108,"menu_order":0,"comment_status":"closed","ping_status":"closed","template":"","meta":{"ngg_post_thumbnail":0,"footnotes":""},"class_list":["post-583","page","type-page","status-publish","hentry"],"_links":{"self":[{"href":"https:\/\/www.norbertbraun.de\/index.php?rest_route=\/wp\/v2\/pages\/583"}],"collection":[{"href":"https:\/\/www.norbertbraun.de\/index.php?rest_route=\/wp\/v2\/pages"}],"about":[{"href":"https:\/\/www.norbertbraun.de\/index.php?rest_route=\/wp\/v2\/types\/page"}],"author":[{"embeddable":true,"href":"https:\/\/www.norbertbraun.de\/index.php?rest_route=\/wp\/v2\/users\/1"}],"replies":[{"embeddable":true,"href":"https:\/\/www.norbertbraun.de\/index.php?rest_route=%2Fwp%2Fv2%2Fcomments&post=583"}],"version-history":[{"count":0,"href":"https:\/\/www.norbertbraun.de\/index.php?rest_route=\/wp\/v2\/pages\/583\/revisions"}],"up":[{"embeddable":true,"href":"https:\/\/www.norbertbraun.de\/index.php?rest_route=\/wp\/v2\/pages\/108"}],"wp:attachment":[{"href":"https:\/\/www.norbertbraun.de\/index.php?rest_route=%2Fwp%2Fv2%2Fmedia&parent=583"}],"curies":[{"name":"wp","href":"https:\/\/api.w.org\/{rel}","templated":true}]}}